{"id":105,"date":"2019-02-22T23:07:31","date_gmt":"2019-02-22T23:07:31","guid":{"rendered":"https:\/\/lifesystem.com.mx\/wp\/?page_id=105"},"modified":"2019-07-16T21:14:08","modified_gmt":"2019-07-16T21:14:08","slug":"aspel","status":"publish","type":"page","link":"https:\/\/lifesystem.com.mx\/wp\/?page_id=105","title":{"rendered":"Aspel"},"content":{"rendered":"<h2>Te ofrecemos los siguientes servicios<\/h2>\n<ul style=\"margin-top: 0cm;\" type=\"disc\">\n<li style=\"color: #404040; margin-bottom: 0.0001pt; line-height: normal; background-image: initial; background-position: initial; background-size: initial; background-repeat: initial; background-attachment: initial; background-origin: initial; background-clip: initial;\">Instalaciones de sistemas ASPEL y de usuarios adicionales<\/li>\n<li style=\"color: #404040; margin-bottom: 0.0001pt; line-height: normal; background-image: initial; background-position: initial; background-size: initial; background-repeat: initial; background-attachment: initial; background-origin: initial; background-clip: initial;\">Migraci\u00f3n de datos<\/li>\n<li style=\"color: #404040; margin-bottom: 0.0001pt; line-height: normal; background-image: initial; background-position: initial; background-size: initial; background-repeat: initial; background-attachment: initial; background-origin: initial; background-clip: initial;\">Traducci\u00f3n de base de datos<\/li>\n<li style=\"color: #404040; margin-bottom: 0.0001pt; line-height: normal; background-image: initial; background-position: initial; background-size: initial; background-repeat: initial; background-attachment: initial; background-origin: initial; background-clip: initial;\">Correcci\u00f3n de base de datos<\/li>\n<li style=\"color: #404040; margin-bottom: 0.0001pt; line-height: normal; background-image: initial; background-position: initial; background-size: initial; background-repeat: initial; background-attachment: initial; background-origin: initial; background-clip: initial;\">Importaci\u00f3n y exportaci\u00f3n de datos<\/li>\n<li style=\"color: #404040; margin-bottom: 0.0001pt; line-height: normal; background-image: initial; background-position: initial; background-size: initial; background-repeat: initial; background-attachment: initial; background-origin: initial; background-clip: initial;\">Mantenimiento de bases de datos<\/li>\n<li style=\"color: #404040; margin-bottom: 0.0001pt; line-height: normal; background-image: initial; background-position: initial; background-size: initial; background-repeat: initial; background-attachment: initial; background-origin: initial; background-clip: initial;\">Interfaces entre los diferentes sistemas ASPEL<\/li>\n<li style=\"color: #404040; margin-bottom: 0.0001pt; line-height: normal; background-image: initial; background-position: initial; background-size: initial; background-repeat: initial; background-attachment: initial; background-origin: initial; background-clip: initial;\">Modificaci\u00f3n de formatos y generaci\u00f3n de formatos nuevos<\/li>\n<li style=\"color: #404040; margin-bottom: 0.0001pt; line-height: normal; background-image: initial; background-position: initial; background-size: initial; background-repeat: initial; background-attachment: initial; background-origin: initial; background-clip: initial;\">Respaldo de informaci\u00f3n<\/li>\n<li style=\"color: #404040; margin-bottom: 0.0001pt; line-height: normal; background-image: initial; background-position: initial; background-size: initial; background-repeat: initial; background-attachment: initial; background-origin: initial; background-clip: initial;\">Planeaci\u00f3n operativa de los sistemas<\/li>\n<li style=\"color: #404040; margin-bottom: 0.0001pt; line-height: normal; background-image: initial; background-position: initial; background-size: initial; background-repeat: initial; background-attachment: initial; background-origin: initial; background-clip: initial;\">Reportes especiales<\/li>\n<li style=\"color: #404040; margin-bottom: 0.0001pt; line-height: normal; background-image: initial; background-position: initial; background-size: initial; background-repeat: initial; background-attachment: initial; background-origin: initial; background-clip: initial;\">Desarrollos adicionales<\/li>\n<li style=\"color: #404040; margin-bottom: 0.0001pt; line-height: normal; background-image: initial; background-position: initial; background-size: initial; background-repeat: initial; background-attachment: initial; background-origin: initial; background-clip: initial;\">Configuraci\u00f3n de la factura electr\u00f3nica<\/li>\n<\/ul>\n<p><img loading=\"lazy\" decoding=\"async\" width=\"344\" height=\"155\" src=\"https:\/\/lifesystem.com.mx\/wp\/wp-content\/uploads\/2019\/02\/Aspel-P.png\" alt=\"\" srcset=\"https:\/\/lifesystem.com.mx\/wp\/wp-content\/uploads\/2019\/02\/Aspel-P.png 344w, https:\/\/lifesystem.com.mx\/wp\/wp-content\/uploads\/2019\/02\/Aspel-P-300x135.png 300w\" sizes=\"(max-width: 344px) 100vw, 344px\"><br \/>\n<img loading=\"lazy\" decoding=\"async\" width=\"400\" height=\"390\" src=\"https:\/\/lifesystem.com.mx\/wp\/wp-content\/uploads\/2019\/02\/aplicaciones_aspel.png\" alt=\"\" srcset=\"https:\/\/lifesystem.com.mx\/wp\/wp-content\/uploads\/2019\/02\/aplicaciones_aspel.png 400w, https:\/\/lifesystem.com.mx\/wp\/wp-content\/uploads\/2019\/02\/aplicaciones_aspel-300x293.png 300w\" sizes=\"(max-width: 400px) 100vw, 400px\"><\/p>\n<ul style=\"margin-top: 0cm;\" type=\"disc\">\n<li>P\u00f3lizas de Asesor\u00eda&nbsp;Para el \u00f3ptimo desempe\u00f1o de tus sistemas Aspel te ofrecemos dos tipos de p\u00f3lizas:<\/li>\n<li>P\u00f3liza por Horas&nbsp;P\u00f3lizas a partir de 10 de asistencia a domicilio o v\u00eda remota, esta p\u00f3liza tiene una vigencia de 1 a\u00f1o, adem\u00e1s incluye soporte t\u00e9cnico v\u00eda telef\u00f3nica sin l\u00edmites de eventos.<\/li>\n<li>P\u00f3liza de IgualaPagas una mensualidad de acuerdo al n\u00famero de equipos o usuarios que trabajan con los sistemas ASPEL y te incluye lo siguiente:<\/li>\n<li>Una visita mensual programada para mantenimiento de software y respaldo de informaci\u00f3n<\/li>\n<\/ul>\n<ul style=\"margin-top: 0cm;\" type=\"disc\">\n<li>Servicio remoto o presencial en caso de emergencia (sin l\u00edmite de eventos)<\/li>\n<li>Mantenimiento y limpieza a tu hardware cada 4 meses<\/li>\n<li>Capacitaci\u00f3n en los sistemas ASPEL<\/li>\n<li>Soporte especializado en los sistemas \u201cASPEL\u201d, SAE, COI,NOI, PROD, BANCOS y FACTURE.<\/li>\n<li>Soporte remoto \u201cse programar\u00eda el horario de acceso con el cliente para autorizaci\u00f3n\u201d<\/li>\n<li>Asesor\u00eda en la operaci\u00f3n de los sistemas ASPEL.<\/li>\n<li>Configuraci\u00f3n e instalaci\u00f3n de sistemas en red local<\/li>\n<\/ul>\n<p><img loading=\"lazy\" decoding=\"async\" width=\"640\" height=\"369\" src=\"https:\/\/lifesystem.com.mx\/wp\/wp-content\/uploads\/2019\/02\/collage-adm.png\" alt=\"\" srcset=\"https:\/\/lifesystem.com.mx\/wp\/wp-content\/uploads\/2019\/02\/collage-adm.png 668w, https:\/\/lifesystem.com.mx\/wp\/wp-content\/uploads\/2019\/02\/collage-adm-300x173.png 300w\" sizes=\"(max-width: 640px) 100vw, 640px\"><br \/>\n<img loading=\"lazy\" decoding=\"async\" width=\"640\" height=\"369\" src=\"https:\/\/lifesystem.com.mx\/wp\/wp-content\/uploads\/2019\/02\/aspel-nube-collage.png\" alt=\"\" srcset=\"https:\/\/lifesystem.com.mx\/wp\/wp-content\/uploads\/2019\/02\/aspel-nube-collage.png 668w, https:\/\/lifesystem.com.mx\/wp\/wp-content\/uploads\/2019\/02\/aspel-nube-collage-300x173.png 300w\" sizes=\"(max-width: 640px) 100vw, 640px\"><\/p>\n<ul style=\"margin-top: 0cm;\" type=\"disc\">\n<li>Edici\u00f3n \/ adaptaci\u00f3n de formatos QR2\/FTO, necesarios para facturaci\u00f3n, compras, etc.,<\/li>\n<li>Actualizaci\u00f3n y avisos de liberaciones de nuevos reinstalables para los sistemas ASPEL.<\/li>\n<li>*Contrato por 1 a\u00f1o.<\/li>\n<li>Al adquirir cualquier P\u00f3liza tienes&nbsp;preferencia en tiempo de respuesta.<\/li>\n<li>Beneficios agregados de nuestras p\u00f3lizas:<\/li>\n<\/ul>\n<ul>\n<li>Ahorro de dinero. El mantenimiento preventivo puede evitar problemas costosos y extiende la vida \u00fatil de sus equipos.<\/li>\n<li style=\"text-indent: -18pt;\">&nbsp; &nbsp; &nbsp; &nbsp; &nbsp;<!--[endif]-->Ahorro de tiempo. Al reducir el n\u00famero de fallas tecnol\u00f3gicas en su organizaci\u00f3n, reducir\u00e1 el n\u00famero de horas que su personal le dedica a procesos de reparaci\u00f3n y remplazo.<\/li>\n<li style=\"text-indent: -18pt;\">&nbsp; &nbsp; &nbsp; &nbsp; &nbsp;<!--[endif]-->Protecci\u00f3n de datos. La revisi\u00f3n constante a su software reduce la probabilidad de fallas cr\u00edticas. Al reducir estas fallas, puede prevenir la perdida valiosa de informaci\u00f3n.<\/li>\n<\/ul>\n<figure><img decoding=\"async\" src=\"https:\/\/lifesystem.com.mx\/wp\/wp-content\/uploads\/2019\/02\/COI-281x300.png\" alt=\"COI-1\"><\/figure>\n<figure><img decoding=\"async\" src=\"https:\/\/lifesystem.com.mx\/wp\/wp-content\/uploads\/2019\/02\/aspel-coi-soluciones-mas-soluciones-interfaces-214x300.png\" alt=\"aspel-coi-soluciones-mas-soluciones-interfaces\"><\/figure>\n<figure><img decoding=\"async\" src=\"https:\/\/lifesystem.com.mx\/wp\/wp-content\/uploads\/2019\/02\/curso_aspel_coi_basico.png\" alt=\"curso_aspel_coi_basico\"><\/figure>\n<p style=\"text-align: left;\"><strong>Aspel-COI&nbsp;<\/strong><strong>p<\/strong>rocesa, integra y mantiene actualizada la informaci\u00f3n contable y fiscal de la empresa, en forma segura y confiable. Proporciona diversos reportes y gr\u00e1ficas que permiten evaluar el estado financiero de la organizaci\u00f3n as\u00ed como generar oportunamente las diferentes declaraciones fiscales e informativas. Calcula la depreciaci\u00f3n de los activos fijos. Mantiene interfaces con los dem\u00e1s sistemas Aspel e interact\u00faa con hojas de c\u00e1lculo, lo que contribuye a lograr una eficiente administraci\u00f3n de la empresa.&nbsp;Beneficios<strong> Aspel-COI <\/strong>&nbsp;permite a las empresas mantener su contabilidad al d\u00eda y a la vanguardia tecnol\u00f3gica ya que la nueva versi\u00f3n 8.0 del sistema l\u00edder en M\u00e9xico, incluye el manejo de comprobantes fiscales digitales, nuevas herramientas que permiten la m\u00e1xima explotaci\u00f3n de la informaci\u00f3n de forma muy sencilla y la r\u00e1pida generaci\u00f3n de la Declaraci\u00f3n Informativa de Operaciones con Terceros (IVA).<\/p>\n<p><strong>Aspel-NOI <\/strong>&nbsp;Automatiza el control de todos los aspectos de la n\u00f3mina, considerando la legislaci\u00f3n fiscal y laboral vigente incluyendo los c\u00e1lculos de impuesto local y retenci\u00f3n de ISR, de acuerdo a la nueva Reforma fiscal 2013. Es la mejor soluci\u00f3n para las micro, peque\u00f1as y medianas empresas, ya que&nbsp;automatiza el control de todos los aspectos involucrados en la n\u00f3mina de la empresa, lo hace considerando la legislaci\u00f3n mexicana, de tal manera que el Usuario puede tener plena confianza en que los c\u00e1lculos que el sistema realiza los hace apegados a las diferentes leyes, como la Ley del Impuesto Sobre la Renta, la Ley del IMSS, la Ley Federal del Trabajo, entre otras. Desde&nbsp;<strong style=\"font-style: inherit;\">Aspel-NOI&nbsp;<\/strong> es posible enviar los movimientos afiliatorios al lMSS v\u00eda Internet (IDSE) firmados con el certificado digital sin necesidad de otras aplicaciones, adem\u00e1s cuenta con&nbsp;una Bit\u00e1cora para el registro automatizado de todos los movimientos con acuses de recibo y acuses de respuesta teniendo en todo momento el control en un solo sistema.<\/p>\n<figure><img decoding=\"async\" src=\"https:\/\/lifesystem.com.mx\/wp\/wp-content\/uploads\/2019\/02\/noi-1-300x284.png\" alt=\"noi\"><\/figure>\n<figure><img decoding=\"async\" src=\"https:\/\/lifesystem.com.mx\/wp\/wp-content\/uploads\/2019\/02\/logo-noi-asistente-350x350-300x300.png\" alt=\"logo-noi-asistente-350x350\"><\/figure>\n<figure><img decoding=\"async\" src=\"https:\/\/lifesystem.com.mx\/wp\/wp-content\/uploads\/2019\/02\/noi_asistente-1.png\" alt=\"noi_asistente-1\"><\/figure>\n<figure><img decoding=\"async\" src=\"https:\/\/lifesystem.com.mx\/wp\/wp-content\/uploads\/2019\/02\/SAE-1-300x300.png\" alt=\"SAE (1)\"><\/figure>\n<figure><img decoding=\"async\" src=\"https:\/\/lifesystem.com.mx\/wp\/wp-content\/uploads\/2019\/02\/aspel-sae-mas-soluciones-interfaz-sae-214x300.png\" alt=\"aspel-sae-mas-soluciones-interfaz-sae\"><\/figure>\n<figure><img decoding=\"async\" src=\"https:\/\/lifesystem.com.mx\/wp\/wp-content\/uploads\/2019\/02\/saemodal.png\" alt=\"saemodal\"><\/figure>\n<p><strong>Aspel-SAE&nbsp;<\/strong>es el Sistema Administrativo Empresarial que controla el ciclo de todas las operaciones de compra-venta de la empresa en forma segura, confiable y de acuerdo con la legislaci\u00f3n vigente; proporciona herramientas de vanguardia tecnol\u00f3gica que permiten una administraci\u00f3n y comercializaci\u00f3n eficientes. La integraci\u00f3n de sus m\u00f3dulos (clientes, facturaci\u00f3n, vendedores, cuentas por cobrar, compras, proveedores, cuentas por pagar y estad\u00edsticas) asegura que la informaci\u00f3n se encuentre actualizada en todo momento. Genera reportes, estad\u00edsticas y gr\u00e1ficas de alto nivel e interact\u00faa con los dem\u00e1s sistemas de la l\u00ednea Aspel para lograr una completa integraci\u00f3n de procesos.&nbsp;Aspel-SAE te facilita el cumplimiento de la Declaraci\u00f3n Informativa de Operaciones con Terceros (IVA) generando la bit\u00e1cora con la informaci\u00f3n de los pagos a proveedores e impuestos relacionados, tambi\u00e9n&nbsp;proporciona el archivo de texto con la estructura requerida por el SAT lista para realizar la carga batch.&nbsp;Controla las ventas de mostrador de una o varias tiendas. Puede operar con torreta, b\u00e1scula, caj\u00f3n de dinero e impresora de tickets.<\/p>\n<p style=\"text-align: left;\">Con&nbsp;<strong>Aspel-CAJA&nbsp;<\/strong>cuenta con los siguientes beneficios:<\/p>\n<ul>\n<li style=\"text-align: left;\">Convierte tu computadora en una poderosa herramienta de punto de venta<\/li>\n<li style=\"text-align: left;\">Genera notas abiertas de venta<\/li>\n<li style=\"text-align: left;\">Controla operaciones de punto de venta local o remota<\/li>\n<li style=\"text-align: left;\">Mantiene inventarios al d\u00eda gracias a su interfaces con Aspel-SAE<\/li>\n<\/ul>\n<figure><img decoding=\"async\" src=\"https:\/\/lifesystem.com.mx\/wp\/wp-content\/uploads\/2019\/02\/renta-aspel-caja-9-usuarios-281x300.png\" alt=\"renta-aspel-caja-9-usuarios\"><\/figure>\n<figure><img decoding=\"async\" src=\"https:\/\/lifesystem.com.mx\/wp\/wp-content\/uploads\/2019\/02\/interfaz-sistemas-aspel-caja-300x263.png\" alt=\"interfaz-sistemas-aspel-caja\"><\/figure>\n<figure><img decoding=\"async\" src=\"https:\/\/lifesystem.com.mx\/wp\/wp-content\/uploads\/2019\/02\/collage_caja-300x173.png\" alt=\"collage_caja\"><\/figure>\n<figure><img decoding=\"async\" src=\"https:\/\/lifesystem.com.mx\/wp\/wp-content\/uploads\/2019\/02\/aspel-BANCO-300x268.png\" alt=\"aspel-BANCO\"><\/figure>\n<figure><img decoding=\"async\" src=\"https:\/\/lifesystem.com.mx\/wp\/wp-content\/uploads\/2019\/02\/aspel-banco-massoluciones-interfaz-sistemas-aspel-banco-214x300.png\" alt=\"aspel-banco-massoluciones-interfaz-sistemas-aspel-banco\"><\/figure>\n<figure><img decoding=\"async\" src=\"https:\/\/lifesystem.com.mx\/wp\/wp-content\/uploads\/2019\/02\/BANCOIntegral-300x217.png\" alt=\"BANCOIntegral\"><\/figure>\n<p><strong>Aspel-BANCO<\/strong>&nbsp;es el Sistema de Control Bancario que controla eficientemente los ingresos y egresos de cualquier tipo de cuenta bancaria, ofreciendo&nbsp;informaci\u00f3n financiera precisa en todo momento. Permite manejar movimientos y saldos en moneda nacional y extranjera, la programaci\u00f3n de movimientos peri\u00f3dicos, el control de inversiones en plazo fijo y en acciones, as\u00ed como la conciliaci\u00f3n electr\u00f3nica con las principales instituciones financieras.<\/p>\n<p>Para una mayor eficiencia administrativa e integridad de la informaci\u00f3n,&nbsp;<strong>Aspel-BANCO&nbsp;<\/strong>mantiene interfaz en l\u00ednea con otros productos Aspel: con Aspel-COI permite la contabilizaci\u00f3n autom\u00e1tica de todos los movimientos bancarios, con Aspel-SAE ofrece la afectaci\u00f3n simult\u00e1nea de las cuentas por cobrar y\/o por pagar al registrar los movimientos bancarios y la interfaz&nbsp;con Aspel-NOI posibilita la generaci\u00f3n autom\u00e1tica de los cheques para el pago de n\u00f3mina.<\/p>\n<p><strong>Aspel-PROD<\/strong>&nbsp;permite la planeaci\u00f3n y control de los procesos de fabricaci\u00f3n de la empresa, cumpliendo con las disposiciones fiscales relacionadas con el manejo del costo de lo vendido, asegurando una \u00f3ptima administraci\u00f3n de costos e inventarios. Interact\u00faa con Aspel-SAE&nbsp;del que obtiene informaci\u00f3n de materia prima y subensambles, para realizar los procesos de producci\u00f3n y posteriormente actualizar el inventario con los productos terminados<\/p>\n<figure><img decoding=\"async\" src=\"https:\/\/lifesystem.com.mx\/wp\/wp-content\/uploads\/2019\/02\/PROD-1.png\" alt=\"PROD\"><\/figure>\n<figure><img decoding=\"async\" src=\"https:\/\/lifesystem.com.mx\/wp\/wp-content\/uploads\/2019\/02\/aspel-prod-soluciones-interfaz-prod-sae-300x263.png\" alt=\"aspel-prod-soluciones-interfaz-prod-sae\"><\/figure>\n<figure><img decoding=\"async\" src=\"https:\/\/lifesystem.com.mx\/wp\/wp-content\/uploads\/2019\/02\/collage_prod-300x173.png\" alt=\"collage_prod\"><\/figure>\n<figure><img decoding=\"async\" src=\"https:\/\/lifesystem.com.mx\/wp\/wp-content\/uploads\/2019\/02\/Apps_Factur-1.png\" alt=\"Apps_Factur\"><\/figure>\n<figure><img decoding=\"async\" src=\"https:\/\/lifesystem.com.mx\/wp\/wp-content\/uploads\/2019\/02\/collage_facture-300x173.png\" alt=\"collage_facture\"><\/figure>\n<p><strong>Aspel-FACTURA&nbsp;<\/strong>permite la planeaci\u00f3n y control de los procesos de fabricaci\u00f3n de la empresa, cumpliendo con las disposiciones fiscales relacionadas con el manejo del costo de lo vendido, asegurando una \u00f3ptima administraci\u00f3n de costos e inventarios. Interact\u00faa con Aspel-SAE&nbsp;del que obtiene informaci\u00f3n de materia prima y subensambles, para realizar los procesos de producci\u00f3n y posteriormente actualizar el inventario con los productos terminados.<\/p>\n<p><strong>Aspel Nube<\/strong>&nbsp;es el servicio que permite el acceso a los Sistemas, Apps y Servicios Aspel de forma eficiente, sencilla y segura desde cualquier lugar y momento.<\/p>\n<p>Actualiza y comparte informaci\u00f3n en tiempo real, toma decisiones oportunas.&nbsp;<\/p>\n<figure><img decoding=\"async\" src=\"https:\/\/lifesystem.com.mx\/wp\/wp-content\/uploads\/2019\/02\/aspel-nube.png\" alt=\"aspel-nube\"><\/figure>\n<figure><img decoding=\"async\" src=\"https:\/\/lifesystem.com.mx\/wp\/wp-content\/uploads\/2019\/02\/aspel-nube-collage-300x173.png\" alt=\"aspel-nube-collage\"><\/figure>\n<figure><img decoding=\"async\" src=\"https:\/\/lifesystem.com.mx\/wp\/wp-content\/uploads\/2019\/02\/COI-150x150.png\" alt=\"COI-1\"><\/figure>\n<figure><img decoding=\"async\" src=\"https:\/\/lifesystem.com.mx\/wp\/wp-content\/uploads\/2019\/02\/noi-1-150x150.png\" alt=\"noi\"><\/figure>\n<figure><img decoding=\"async\" src=\"https:\/\/lifesystem.com.mx\/wp\/wp-content\/uploads\/2019\/02\/sae-1-150x150.png\" alt=\"sae\"><\/figure>\n<figure><img decoding=\"async\" src=\"https:\/\/lifesystem.com.mx\/wp\/wp-content\/uploads\/2019\/02\/renta-aspel-caja-9-usuarios-150x150.png\" alt=\"renta-aspel-caja-9-usuarios\"><\/figure>\n<figure><img decoding=\"async\" src=\"https:\/\/lifesystem.com.mx\/wp\/wp-content\/uploads\/2019\/02\/aspel-BANCO-150x150.png\" alt=\"aspel-BANCO\"><\/figure>\n<figure><img decoding=\"async\" src=\"https:\/\/lifesystem.com.mx\/wp\/wp-content\/uploads\/2019\/02\/PROD-1-150x150.png\" alt=\"PROD\"><\/figure>\n<figure><img decoding=\"async\" src=\"https:\/\/lifesystem.com.mx\/wp\/wp-content\/uploads\/2019\/02\/Apps_Factur-1-150x150.png\" alt=\"Apps_Factur\"><\/figure>\n<figure><img decoding=\"async\" src=\"https:\/\/lifesystem.com.mx\/wp\/wp-content\/uploads\/2019\/02\/aspel-nube.png\" alt=\"aspel-nube\"><\/figure>\n<p><!-- Start of  Zendesk Widget script --><br \/>\n<!-- End of  Zendesk Widget script --><\/p>\n","protected":false},"excerpt":{"rendered":"<p>Te ofrecemos los siguientes servicios Instalaciones de sistemas ASPEL y de usuarios adicionales Migraci\u00f3n de datos Traducci\u00f3n de base de datos Correcci\u00f3n de base de datos Importaci\u00f3n y exportaci\u00f3n de datos Mantenimiento de bases de datos Interfaces entre los diferentes sistemas ASPEL Modificaci\u00f3n de formatos y generaci\u00f3n de formatos nuevos Respaldo de informaci\u00f3n Planeaci\u00f3n operativa [&hellip;]<\/p>\n","protected":false},"author":1,"featured_media":0,"parent":0,"menu_order":0,"comment_status":"closed","ping_status":"closed","template":"","meta":{"footnotes":""},"_links":{"self":[{"href":"https:\/\/lifesystem.com.mx\/wp\/index.php?rest_route=\/wp\/v2\/pages\/105"}],"collection":[{"href":"https:\/\/lifesystem.com.mx\/wp\/index.php?rest_route=\/wp\/v2\/pages"}],"about":[{"href":"https:\/\/lifesystem.com.mx\/wp\/index.php?rest_route=\/wp\/v2\/types\/page"}],"author":[{"embeddable":true,"href":"https:\/\/lifesystem.com.mx\/wp\/index.php?rest_route=\/wp\/v2\/users\/1"}],"replies":[{"embeddable":true,"href":"https:\/\/lifesystem.com.mx\/wp\/index.php?rest_route=%2Fwp%2Fv2%2Fcomments&post=105"}],"version-history":[{"count":34,"href":"https:\/\/lifesystem.com.mx\/wp\/index.php?rest_route=\/wp\/v2\/pages\/105\/revisions"}],"predecessor-version":[{"id":692,"href":"https:\/\/lifesystem.com.mx\/wp\/index.php?rest_route=\/wp\/v2\/pages\/105\/revisions\/692"}],"wp:attachment":[{"href":"https:\/\/lifesystem.com.mx\/wp\/index.php?rest_route=%2Fwp%2Fv2%2Fmedia&parent=105"}],"curies":[{"name":"wp","href":"https:\/\/api.w.org\/{rel}","templated":true}]}}