{"id":170,"date":"2019-02-22T23:08:29","date_gmt":"2019-02-22T23:08:29","guid":{"rendered":"https:\/\/lifesystem.com.mx\/wp\/?page_id=170"},"modified":"2019-03-13T22:52:29","modified_gmt":"2019-03-13T22:52:29","slug":"cursos","status":"publish","type":"page","link":"https:\/\/lifesystem.com.mx\/wp\/?page_id=170","title":{"rendered":"Cursos"},"content":{"rendered":"<p style=\"margin: 0cm 0cm 0.0001pt; text-align: center;\">Curso en las&nbsp;instalaciones del cliente (1 a 4 personas)<\/p>\n<ul>\n<li style=\"text-align: left;\">COI<\/li>\n<li style=\"text-align: left;\">SAE<\/li>\n<li style=\"text-align: left;\">BANCOS<\/li>\n<li style=\"text-align: left;\">PROD<\/li>\n<li style=\"text-align: left;\">CAJA<\/li>\n<\/ul>\n<h3 style=\"margin: 0cm; margin-bottom: .0001pt;\"><strong>Condiciones comerciales:<\/strong><\/h3>\n<ul>\n<li style=\"text-align: left;\">El costo depende del n\u00famero de personas que atiendan el curso (solicita tu cotizaci\u00f3n).<\/li>\n<li style=\"text-align: left;\">Los cursos ser\u00e1n impartidos en sesiones de 2 o 3 horas, dependiendo del m\u00f3dulo<\/li>\n<li style=\"text-align: left;\">Para obtener los mejores resultados, se sugiere que cada participante tenga su propio equipo de c\u00f3mputo.<\/li>\n<\/ul>\n<h4 style=\"margin: 0cm 0cm 0.0001pt; text-align: left;\"><strong>Solicita tu cotizaci\u00f3n y en breve nos pondremos en contacto contigo.<\/strong><\/h4>\n<figure><img decoding=\"async\" src=\"https:\/\/lifesystem.com.mx\/wp\/wp-content\/uploads\/elementor\/thumbs\/COI-e1550859200692-o3wl9mvcbd5ytmbz1r5lxvoklxdb7uwb3rp9k30aao.png\" alt=\"COI-1\"><\/figure>\n<figure><img decoding=\"async\" src=\"https:\/\/lifesystem.com.mx\/wp\/wp-content\/uploads\/elementor\/thumbs\/noi-1-o3wl5m472vnt5o68j0l29w7l4l6sagxn7v8hngywww.png\" alt=\"noi\"><\/figure>\n<figure><img decoding=\"async\" src=\"https:\/\/lifesystem.com.mx\/wp\/wp-content\/uploads\/elementor\/thumbs\/sae-1-o3wl5rr87vvj3by1m30touscowezknk18n5ej4qjvk.png\" alt=\"sae\"><\/figure>\n<figure><img decoding=\"async\" src=\"https:\/\/lifesystem.com.mx\/wp\/wp-content\/uploads\/elementor\/thumbs\/renta-aspel-caja-9-usuarios-o3wo3jjf9qo3job0zayhrnwn4t2wqigo45xdn1wppc.png\" alt=\"renta-aspel-caja-9-usuarios\"><\/figure>\n<figure><img decoding=\"async\" src=\"https:\/\/lifesystem.com.mx\/wp\/wp-content\/uploads\/elementor\/thumbs\/aspel-BANCO-o3wgf8vacwfuu1n4cvgdudwx1ews5fl2smh98zkqow.png\" alt=\"aspel-BANCO\"><\/figure>\n<figure><img decoding=\"async\" src=\"https:\/\/lifesystem.com.mx\/wp\/wp-content\/uploads\/elementor\/thumbs\/PROD-1-o3wl5pvju7syg40rx27kjv9fi4o959ckkdufkktc80.png\" alt=\"PROD\"><\/figure>\n<figure><img decoding=\"async\" src=\"https:\/\/lifesystem.com.mx\/wp\/wp-content\/uploads\/elementor\/thumbs\/Apps_Factur-1-o3wl5hf04phdjmd2agjxffea5nty7zezj7z2935vs0.png\" alt=\"Apps_Factur\"><\/figure>\n<figure><img decoding=\"async\" src=\"https:\/\/lifesystem.com.mx\/wp\/wp-content\/uploads\/elementor\/thumbs\/aspel-nube-o3wgfeibhwnkrpexfxw59cholq4zfm7gtee64ncdnk.png\" alt=\"aspel-nube\"><\/figure>\n<p><!-- Start of  Zendesk Widget script --><br \/>\n<!-- End of  Zendesk Widget script --><\/p>\n","protected":false},"excerpt":{"rendered":"<p>Curso en las&nbsp;instalaciones del cliente (1 a 4 personas) COI SAE BANCOS PROD CAJA Condiciones comerciales: El costo depende del n\u00famero de personas que atiendan el curso (solicita tu cotizaci\u00f3n). Los cursos ser\u00e1n impartidos en sesiones de 2 o 3 horas, dependiendo del m\u00f3dulo Para obtener los mejores resultados, se sugiere que cada participante tenga [&hellip;]<\/p>\n","protected":false},"author":1,"featured_media":0,"parent":0,"menu_order":0,"comment_status":"closed","ping_status":"closed","template":"","meta":{"footnotes":""},"_links":{"self":[{"href":"https:\/\/lifesystem.com.mx\/wp\/index.php?rest_route=\/wp\/v2\/pages\/170"}],"collection":[{"href":"https:\/\/lifesystem.com.mx\/wp\/index.php?rest_route=\/wp\/v2\/pages"}],"about":[{"href":"https:\/\/lifesystem.com.mx\/wp\/index.php?rest_route=\/wp\/v2\/types\/page"}],"author":[{"embeddable":true,"href":"https:\/\/lifesystem.com.mx\/wp\/index.php?rest_route=\/wp\/v2\/users\/1"}],"replies":[{"embeddable":true,"href":"https:\/\/lifesystem.com.mx\/wp\/index.php?rest_route=%2Fwp%2Fv2%2Fcomments&post=170"}],"version-history":[{"count":20,"href":"https:\/\/lifesystem.com.mx\/wp\/index.php?rest_route=\/wp\/v2\/pages\/170\/revisions"}],"predecessor-version":[{"id":667,"href":"https:\/\/lifesystem.com.mx\/wp\/index.php?rest_route=\/wp\/v2\/pages\/170\/revisions\/667"}],"wp:attachment":[{"href":"https:\/\/lifesystem.com.mx\/wp\/index.php?rest_route=%2Fwp%2Fv2%2Fmedia&parent=170"}],"curies":[{"name":"wp","href":"https:\/\/api.w.org\/{rel}","templated":true}]}}