{"id":322,"date":"2019-03-01T23:31:22","date_gmt":"2019-03-01T23:31:22","guid":{"rendered":"https:\/\/lifesystem.com.mx\/wp\/?page_id=322"},"modified":"2019-07-17T17:08:06","modified_gmt":"2019-07-17T17:08:06","slug":"inicio","status":"publish","type":"page","link":"https:\/\/lifesystem.com.mx\/wp\/","title":{"rendered":"Inicio"},"content":{"rendered":"<h1>LifeSystem<\/h1>\n<h2>Innovaci\u00f3n <\/h2>\n<h3>Quienes somos<\/h3>\n<p>Somos un equipo de profesionales en el ramo de Sistemas Computacionales, con el objetivo de cubrir las necesidades en el \u00e1rea de inform\u00e1tica de su empresa con tecnolog\u00eda de punta y recurso humano altamente calificado.<\/p>\n<p>\t\t\t<a href=\"https:\/\/lifesystem.com.mx\/wp\/quienes-somos\/ \" role=\"button\"><br \/>\n\t\t\t\t\t\tConoce m\u00e1s<br \/>\n\t\t\t\t\t<\/a><br \/>\n\t\t\t\t\t\t\t\t\t\t<img loading=\"lazy\" decoding=\"async\" width=\"640\" height=\"483\" src=\"http:\/\/lifesystem.com.mx\/wp\/wp-content\/uploads\/2019\/02\/tecnico_soporte_informatico.jpg\" alt=\"\" srcset=\"http:\/\/lifesystem.com.mx\/wp\/wp-content\/uploads\/2019\/02\/tecnico_soporte_informatico.jpg 768w, http:\/\/lifesystem.com.mx\/wp\/wp-content\/uploads\/2019\/02\/tecnico_soporte_informatico-300x227.jpg 300w, http:\/\/lifesystem.com.mx\/wp\/wp-content\/uploads\/2019\/02\/tecnico_soporte_informatico-136x102.jpg 136w\" sizes=\"(max-width: 640px) 100vw, 640px\" \/>\t\t\t\t\t\t\t\t\t\t\t<\/p>\n<h3>\n\t\t\t\t\t+ 500<br \/>\n\t\t\t\t<\/h3>\n<p>Proyectos aprobados<\/p>\n<h3>\n\t\t\t\t\t18<br \/>\n\t\t\t\t<\/h3>\n<p>A\u00f1os de experiencia<\/p>\n<h4>Servicios<\/h4>\n<p>\t\t\t\t\t\t\t\t\t\t<img loading=\"lazy\" decoding=\"async\" width=\"300\" height=\"311\" src=\"http:\/\/lifesystem.com.mx\/wp\/wp-content\/uploads\/2019\/02\/sistemas-aspel.jpg\" alt=\"\" srcset=\"http:\/\/lifesystem.com.mx\/wp\/wp-content\/uploads\/2019\/02\/sistemas-aspel.jpg 300w, http:\/\/lifesystem.com.mx\/wp\/wp-content\/uploads\/2019\/02\/sistemas-aspel-289x300.jpg 289w\" sizes=\"(max-width: 300px) 100vw, 300px\" \/>\t\t\t\t\t\t\t\t\t\t\t<\/p>\n<h6><a href=\"https:\/\/lifesystem.com.mx\/wp\/aspel\/\">Suite  Aspel<\/a><\/h6>\n<p style=\"text-align: left;\">Te beneficiamos con Outsourcing integrado o con una p\u00f3liza de servicio (por horas o partes)<\/p>\n<p>\t\t\t\t\t\t\t\t\t\t<img loading=\"lazy\" decoding=\"async\" width=\"340\" height=\"316\" src=\"http:\/\/lifesystem.com.mx\/wp\/wp-content\/uploads\/2019\/03\/analisis_interacciones_peq-340x316.jpg\" alt=\"\" \/>\t\t\t\t\t\t\t\t\t\t\t<\/p>\n<h6><a href=\"https:\/\/lifesystem.com.mx\/wp\/soporte-help-desk\/\">Soporte &#038; Help Desk<\/a><\/h6>\n<p style=\"text-align: left;\">Un grupo de especialistas con dominio t\u00e9cnico y buen perfil de atenci\u00f3n compone el equipo de Soporte y Mesa de Ayuda de LifeSystem<\/p>\n<p>\t\t\t\t\t\t\t\t\t\t<img loading=\"lazy\" decoding=\"async\" width=\"340\" height=\"316\" src=\"http:\/\/lifesystem.com.mx\/wp\/wp-content\/uploads\/2019\/02\/uno-340x316.jpg\" alt=\"\" \/>\t\t\t\t\t\t\t\t\t\t\t<\/p>\n<h6><a href=\"https:\/\/lifesystem.com.mx\/wp\/outsourcing-ti\/\">Outsourcing<\/a><\/h6>\n<p>Nuestros consultores trabajan en forma coordinada con el equipo del cliente, para entender necesidades, incorporar conceptos, metodolog\u00edas, est\u00e1ndares y procesos.<\/p>\n<h3>\n\t\t\t\t\tCONSULTOR\u00cdA  TI<br \/>\n\t\t\t\t<\/h3>\n<p><strong>Es el primer paso para resolver los retos de nuestros clientes en Servicios TI.<\/strong><\/p>\n<h4>Cont\u00e1ctanos<\/h4>\n<p>Env\u00eda un correo, escribe un chat o ll\u00e1manos,te responderemos enseguida.<\/p>\n<ul>\n<li >\n\t\t\t\t\t\t\t\t\t\t55 5408-1051\n\t\t\t\t\t\t\t\t\t<\/li>\n<li >\n\t\t\t\t\t\t\t\t\t\tcontacto@lifesystem.com.mx\n\t\t\t\t\t\t\t\t\t<\/li>\n<li >\n\t\t\t\t\t\t\t\t\t\tMetz 27 Urbi Quinta Montecarlo, Cuautitl\u00e1n\n\t\t\t\t\t\t\t\t\t<\/li>\n<\/ul>\n<p>\t\t\t<!-- Start of  Zendesk Widget script --><br \/>\n<!-- End of  Zendesk Widget script --><\/p>\n","protected":false},"excerpt":{"rendered":"<p>LifeSystem Innovaci\u00f3n Quienes somos Somos un equipo de profesionales en el ramo de Sistemas Computacionales, con el objetivo de cubrir las necesidades en el \u00e1rea de inform\u00e1tica de su empresa con tecnolog\u00eda de punta y recurso humano altamente calificado. Conoce m\u00e1s + 500 Proyectos aprobados 18 A\u00f1os de experiencia Servicios Suite Aspel Te beneficiamos con [&hellip;]<\/p>\n","protected":false},"author":1,"featured_media":0,"parent":0,"menu_order":0,"comment_status":"closed","ping_status":"closed","template":"","meta":{"footnotes":""},"_links":{"self":[{"href":"https:\/\/lifesystem.com.mx\/wp\/index.php?rest_route=\/wp\/v2\/pages\/322"}],"collection":[{"href":"https:\/\/lifesystem.com.mx\/wp\/index.php?rest_route=\/wp\/v2\/pages"}],"about":[{"href":"https:\/\/lifesystem.com.mx\/wp\/index.php?rest_route=\/wp\/v2\/types\/page"}],"author":[{"embeddable":true,"href":"https:\/\/lifesystem.com.mx\/wp\/index.php?rest_route=\/wp\/v2\/users\/1"}],"replies":[{"embeddable":true,"href":"https:\/\/lifesystem.com.mx\/wp\/index.php?rest_route=%2Fwp%2Fv2%2Fcomments&post=322"}],"version-history":[{"count":54,"href":"https:\/\/lifesystem.com.mx\/wp\/index.php?rest_route=\/wp\/v2\/pages\/322\/revisions"}],"predecessor-version":[{"id":821,"href":"https:\/\/lifesystem.com.mx\/wp\/index.php?rest_route=\/wp\/v2\/pages\/322\/revisions\/821"}],"wp:attachment":[{"href":"https:\/\/lifesystem.com.mx\/wp\/index.php?rest_route=%2Fwp%2Fv2%2Fmedia&parent=322"}],"curies":[{"name":"wp","href":"https:\/\/api.w.org\/{rel}","templated":true}]}}