{"id":346,"date":"2019-03-05T16:01:53","date_gmt":"2019-03-05T16:01:53","guid":{"rendered":"https:\/\/lifesystem.com.mx\/wp\/?page_id=346"},"modified":"2019-03-19T18:54:34","modified_gmt":"2019-03-19T18:54:34","slug":"quienes-somos","status":"publish","type":"page","link":"https:\/\/lifesystem.com.mx\/wp\/?page_id=346","title":{"rendered":"Quienes Somos"},"content":{"rendered":"<p>Quien es LifeSystem<\/p>\n<ul>\n<li>\n\t\t\t\t\t\t\t\t\t\tCont\u00e1ctanos: 52 (55) 5880-3589<\/li>\n<\/ul>\n<h1>Para LifeSystem nuestro valor para el cliente es ofrecer servicios profesionales del m\u00e1s alto nivel, basados en un apoyo integral durante todo el proceso de implementaci\u00f3n de cada proyecto, identificando, oportunidades, desarrollando alternativas, evaluando opciones, ejecutando estrategias y buscando el resultado que permita al Cliente reducir costos, maximizar su potencial de operaci\u00f3n y sacar ventaja competitiva respecto de su competencia.<\/h1>\n<p><img loading=\"lazy\" decoding=\"async\" width=\"640\" height=\"714\" src=\"http:\/\/lifesystem.com.mxwp-content\/uploads\/2019\/03\/pasos-empresario-exitoso-918x1024.jpg\" alt=\"\" srcset=\"https:\/\/lifesystem.com.mx\/wp\/wp-content\/uploads\/2019\/03\/pasos-empresario-exitoso-918x1024.jpg 918w, https:\/\/lifesystem.com.mx\/wp\/wp-content\/uploads\/2019\/03\/pasos-empresario-exitoso-269x300.jpg 269w, https:\/\/lifesystem.com.mx\/wp\/wp-content\/uploads\/2019\/03\/pasos-empresario-exitoso-768x856.jpg 768w, https:\/\/lifesystem.com.mx\/wp\/wp-content\/uploads\/2019\/03\/pasos-empresario-exitoso.jpg 1435w\" sizes=\"(max-width: 640px) 100vw, 640px\"><\/p>\n<h3>QUienes somos<\/h3>\n<p>LifeSystem, es un equipo de profesionales en el ramo de Sistemas Computacionales, con el objetivo de cubrir las necesidades en el \u00e1rea de inform\u00e1tica de su empresa con tecnolog\u00eda de punta y recurso humano altamente calificado.<br \/>\nDesde nuestros inicios somos distribuidores de la l\u00ednea ASPEL. Especialistas en procesos de factura electr\u00f3nica- timbres cfdi, redes y servicios de Internet, con las herramientas de Microsoft desde hace m\u00e1s de 18 a\u00f1os, velando por la seguridad y protegiendo la informaci\u00f3n y equipo de nuestros clientes.<\/p>\n<h3>Nuestros Valores<\/h3>\n<h3>\n\t\t\t\t\tVisi\u00f3n<\/h3>\n<p>El cliente en conjunto con LifeSystem trabajar\u00e1 constantemente, ofreciendo aplicaciones y soluciones tecnol\u00f3gicas e inform\u00e1ticas, apoyados siempre en nuestra calidad y compromiso de servicio, ayudando con ello a tomar decisiones oportunas y confiables en todo momento.<\/p>\n<h3>\n\t\t\t\t\tobjetivo<\/h3>\n<p>Empresas privadas con una capacidad instalada de 10 a 200 usuarios y con necesidades tecnol\u00f3gicas medias (Computadoras, Servidores, ERP\u00b4s medianos, Seguridad de la informaci\u00f3n, Cableado Estructurado, Comunicaciones entre oficinas remotas e inal\u00e1mbricas y Acceso a Internet).<\/p>\n<h3>\n\t\t\t\t\tAhorro<\/h3>\n<p>De acuerdo al tama\u00f1o y necesidad del cliente. Ahorros en reclutamiento, capacitaci\u00f3n, sustituci\u00f3n de personal,  destacar la importancia de las tecnolog\u00edas de la informaci\u00f3n como un diferenciador claro con la competencia. Destacar las ventajas del outsourcing como una estrategia de negocio.<\/p>\n<h3>\n\t\t\t\t\tmisi\u00f3n<\/h3>\n<p>Ser un Grupo de profesionales en comercializaci\u00f3n, soporte y consultor\u00eda sobre productos y servicios del ramo de Sistemas Computacionales e infraestructura de servicios inform\u00e1ticos, as\u00ed como en todo momento el desarrollo, superaci\u00f3n y confianza de nuestros clientes al ofrecerles tecnolog\u00eda de punta.<\/p>\n<h3>\n\t\t\t\t\tvalores<\/h3>\n<p>Nuestros principales valores son: Honestidad,  Consistencia,<br \/>\nLiderazgo en Servicio,<br \/>\nJusticia, Prudencia,<br \/>\nLealtad, Claridad, Pasi\u00f3n, Responsabilidad, Excelencia, Puntualidad, Transparencia y Calidad.<\/p>\n<h3>\n\t\t\t\t\tbeneficios para ti<\/h3>\n<p>Atenci\u00f3n a las necesidades de TI desde el nivel de soporte t\u00e9cnico, administraci\u00f3n de red, supervisi\u00f3n y hasta el nivel de direcci\u00f3n. Documentaci\u00f3n de los activos, procedimientos, manuales, actividades realizadas, para el monitoreo y toma de decisiones con respecto a las TI. Nos enfocamos en la seguridad, integridad y disponibilidad de la informaci\u00f3n de nuestros clientes.<\/p>\n<p><!-- Start of  Zendesk Widget script --><br \/>\n<!-- End of  Zendesk Widget script --><\/p>\n","protected":false},"excerpt":{"rendered":"<p>Quien es LifeSystem Cont\u00e1ctanos: 52 (55) 5880-3589 Para LifeSystem nuestro valor para el cliente es ofrecer servicios profesionales del m\u00e1s alto nivel, basados en un apoyo integral durante todo el proceso de implementaci\u00f3n de cada proyecto, identificando, oportunidades, desarrollando alternativas, evaluando opciones, ejecutando estrategias y buscando el resultado que permita al Cliente reducir costos, maximizar [&hellip;]<\/p>\n","protected":false},"author":1,"featured_media":0,"parent":0,"menu_order":0,"comment_status":"closed","ping_status":"closed","template":"","meta":{"footnotes":""},"_links":{"self":[{"href":"https:\/\/lifesystem.com.mx\/wp\/index.php?rest_route=\/wp\/v2\/pages\/346"}],"collection":[{"href":"https:\/\/lifesystem.com.mx\/wp\/index.php?rest_route=\/wp\/v2\/pages"}],"about":[{"href":"https:\/\/lifesystem.com.mx\/wp\/index.php?rest_route=\/wp\/v2\/types\/page"}],"author":[{"embeddable":true,"href":"https:\/\/lifesystem.com.mx\/wp\/index.php?rest_route=\/wp\/v2\/users\/1"}],"replies":[{"embeddable":true,"href":"https:\/\/lifesystem.com.mx\/wp\/index.php?rest_route=%2Fwp%2Fv2%2Fcomments&post=346"}],"version-history":[{"count":31,"href":"https:\/\/lifesystem.com.mx\/wp\/index.php?rest_route=\/wp\/v2\/pages\/346\/revisions"}],"predecessor-version":[{"id":699,"href":"https:\/\/lifesystem.com.mx\/wp\/index.php?rest_route=\/wp\/v2\/pages\/346\/revisions\/699"}],"wp:attachment":[{"href":"https:\/\/lifesystem.com.mx\/wp\/index.php?rest_route=%2Fwp%2Fv2%2Fmedia&parent=346"}],"curies":[{"name":"wp","href":"https:\/\/api.w.org\/{rel}","templated":true}]}}