{"id":381,"date":"2019-03-05T17:19:39","date_gmt":"2019-03-05T17:19:39","guid":{"rendered":"https:\/\/lifesystem.com.mx\/wp\/?page_id=381"},"modified":"2019-03-13T22:36:40","modified_gmt":"2019-03-13T22:36:40","slug":"outsourcing-ti","status":"publish","type":"page","link":"https:\/\/lifesystem.com.mx\/wp\/?page_id=381","title":{"rendered":"Outsourcing TI"},"content":{"rendered":"<h2>outsourcing TI<\/h2>\n<p>LIFESYSTEM, es una empresa mexicana creada con el objetivo de ofrecer a nuestros<br \/>\nclientes un servicio Integral en el ramo de Inform\u00e1tica.<br \/>\nDebido a que el Campo de la Inform\u00e1tica est\u00e1 constantemente en cambio, nos<br \/>\nobliga a mantener actualizado a nuestro personal por lo que nos sentimos seguros<br \/>\ny confiados de ofrecer a nuestros clientes, servicios y productos de la mejor calidad,<br \/>\nsiempre de vanguardia tecnol\u00f3gica y con el mejor Costo-Beneficio.<\/p>\n<figure><img loading=\"lazy\" decoding=\"async\" width=\"622\" height=\"420\" src=\"https:\/\/lifesystem.com.mx\/wp\/wp-content\/uploads\/2019\/03\/analisis_interacciones_peq-622x420.jpg\" alt=\"\" srcset=\"https:\/\/lifesystem.com.mx\/wp\/wp-content\/uploads\/2019\/03\/analisis_interacciones_peq-622x420.jpg 622w, https:\/\/lifesystem.com.mx\/wp\/wp-content\/uploads\/2019\/03\/analisis_interacciones_peq-305x207.jpg 305w\" sizes=\"(max-width: 622px) 100vw, 622px\"><\/figure>\n<h3>Adaptaci\u00f3n<\/h3>\n<p>Nuestros consultores trabajan en forma coordinada con el equipo del cliente, para entender necesidades, incorporar conceptos, metodolog\u00edas, est\u00e1ndares y procesos. Esto facilita la integraci\u00f3n y homogeneidad del equipo.En LifeSystem enfocamos nuestros servicios en&nbsp;lograr que su empresa:<br \/>\nPueda&nbsp;dedicarse&nbsp;a su negocio, liberando recursos internos para ello.<\/p>\n<figure><img loading=\"lazy\" decoding=\"async\" width=\"500\" height=\"336\" src=\"https:\/\/lifesystem.com.mx\/wp\/wp-content\/uploads\/2019\/03\/Direccion_de_proyectos_500-1.jpg\" alt=\"\" srcset=\"https:\/\/lifesystem.com.mx\/wp\/wp-content\/uploads\/2019\/03\/Direccion_de_proyectos_500-1.jpg 500w, https:\/\/lifesystem.com.mx\/wp\/wp-content\/uploads\/2019\/03\/Direccion_de_proyectos_500-1-300x202.jpg 300w\" sizes=\"(max-width: 500px) 100vw, 500px\"><\/figure>\n<h3>Tarifas Competitivas<\/h3>\n<p>Nuestros clientes reciben una excelente relaci\u00f3n calidad\/precio obteniendo servicios de primer nivel, a tarifas muy competitivas, dif\u00edcilmente igualables por servicios similares en el mercado.<br \/>\nReduzca los costos, viabilizando los recursos t\u00e9cnicos conforme a la demanda de proyectos.<br \/>\nCuente con personal especializado y entrenado, sin necesidad de procesos complejos y costosos de reclutamiento y capacitaci\u00f3n.<\/p>\n<figure><img loading=\"lazy\" decoding=\"async\" width=\"622\" height=\"404\" src=\"https:\/\/lifesystem.com.mx\/wp\/wp-content\/uploads\/2019\/03\/adaptacion_of_directa-750x404-622x404.jpg\" alt=\"\"><\/figure>\n<h3>Flexibilidad<\/h3>\n<p>Adaptamos los horarios de trabajo a los de nuestros clientes, aunque se encuentren en distinta zona horaria.<br \/>\nContamos con opciones de contrataci\u00f3n Full Time o Part Time, con contratos flexibles en horarios y duraci\u00f3n.<br \/>\nObtenga condiciones Flexibles de contrataci\u00f3n y servicio, seg\u00fan sus necesidades.<br \/>\nRealizamos su sitio web con las m\u00e1s modernas aplicaciones para la realizaci\u00f3n de este, una empresa sin web tiene menos posibilidades de crecer en un mundo tecnol\u00f3gico como el actual.<\/p>\n<h4>VALORES AGREGADOS<\/h4>\n<p style=\"text-align: center;\">Para que una empresa reciba por parte de LifeSystem un servicio integral al cliente<br \/>\nse incluyen como parte de su portafolio de servicios valores agregados que son<br \/>\ndeterminantes dentro de una organizaci\u00f3n tales como:<\/p>\n<ul>\n<li>\n\t\t\t\t\t\t\t\t\t\tSERVICIOS DE CABLEADO ESTRUCTURADO Y REDES INAL\u00c1MBRICAS<\/li>\n<li>\n\t\t\t\t\t\t\t\t\t\tVENTAS DE EQUIPO DE COMPUTO<\/li>\n<li>\n\t\t\t\t\t\t\t\t\t\tCREACI\u00d3N DE P\u00c1GINAS WEB A PRECIOS ACCESIBLES<\/li>\n<\/ul>\n<figure><img decoding=\"async\" src=\"https:\/\/lifesystem.com.mx\/wp\/wp-content\/uploads\/2019\/03\/645-outsourcing-de-nomina-150x150.jpg\" alt=\"645-outsourcing-de-nomina\"><\/figure>\n<figure><img decoding=\"async\" src=\"https:\/\/lifesystem.com.mx\/wp\/wp-content\/uploads\/2019\/03\/equipos_entrada-150x150.png\" alt=\"equipos_entrada\"><\/figure>\n<figure><img decoding=\"async\" src=\"https:\/\/lifesystem.com.mx\/wp\/wp-content\/uploads\/2019\/02\/TI-150x150.jpg\" alt=\"TI\"><\/figure>\n<figure><img decoding=\"async\" src=\"https:\/\/lifesystem.com.mx\/wp\/wp-content\/uploads\/2019\/03\/Soporte-Tcnico--150x150.jpg\" alt=\"Soporte-Tcnico-\"><\/figure>\n<figure><img decoding=\"async\" src=\"https:\/\/lifesystem.com.mx\/wp\/wp-content\/uploads\/2019\/02\/HD-150x150.jpg\" alt=\"HD\"><\/figure>\n<figure><img decoding=\"async\" src=\"https:\/\/lifesystem.com.mx\/wp\/wp-content\/uploads\/2019\/02\/Soporte-150x150.jpg\" alt=\"Soporte\"><\/figure>\n<figure><img decoding=\"async\" src=\"https:\/\/lifesystem.com.mx\/wp\/wp-content\/uploads\/2019\/02\/servicios-150x150.png\" alt=\"servicios\"><\/figure>\n<figure><img decoding=\"async\" src=\"https:\/\/lifesystem.com.mx\/wp\/wp-content\/uploads\/2019\/02\/it-services-150x150.jpg\" alt=\"it-services\"><\/figure>\n<h3>lifesystem<\/h3>\n<p><a href=\"https:\/\/lifesystem.com.mx\/wp\/contacto\/\" role=\"button\"><br \/>\nContactanos<br \/>\n<\/a><br \/>\n<!-- Start of  Zendesk Widget script --><br \/>\n<!-- End of  Zendesk Widget script --><\/p>\n","protected":false},"excerpt":{"rendered":"<p>outsourcing TI LIFESYSTEM, es una empresa mexicana creada con el objetivo de ofrecer a nuestros clientes un servicio Integral en el ramo de Inform\u00e1tica. Debido a que el Campo de la Inform\u00e1tica est\u00e1 constantemente en cambio, nos obliga a mantener actualizado a nuestro personal por lo que nos sentimos seguros y confiados de ofrecer a [&hellip;]<\/p>\n","protected":false},"author":1,"featured_media":0,"parent":0,"menu_order":0,"comment_status":"closed","ping_status":"closed","template":"","meta":{"footnotes":""},"_links":{"self":[{"href":"https:\/\/lifesystem.com.mx\/wp\/index.php?rest_route=\/wp\/v2\/pages\/381"}],"collection":[{"href":"https:\/\/lifesystem.com.mx\/wp\/index.php?rest_route=\/wp\/v2\/pages"}],"about":[{"href":"https:\/\/lifesystem.com.mx\/wp\/index.php?rest_route=\/wp\/v2\/types\/page"}],"author":[{"embeddable":true,"href":"https:\/\/lifesystem.com.mx\/wp\/index.php?rest_route=\/wp\/v2\/users\/1"}],"replies":[{"embeddable":true,"href":"https:\/\/lifesystem.com.mx\/wp\/index.php?rest_route=%2Fwp%2Fv2%2Fcomments&post=381"}],"version-history":[{"count":47,"href":"https:\/\/lifesystem.com.mx\/wp\/index.php?rest_route=\/wp\/v2\/pages\/381\/revisions"}],"predecessor-version":[{"id":660,"href":"https:\/\/lifesystem.com.mx\/wp\/index.php?rest_route=\/wp\/v2\/pages\/381\/revisions\/660"}],"wp:attachment":[{"href":"https:\/\/lifesystem.com.mx\/wp\/index.php?rest_route=%2Fwp%2Fv2%2Fmedia&parent=381"}],"curies":[{"name":"wp","href":"https:\/\/api.w.org\/{rel}","templated":true}]}}