{"id":411,"date":"2019-03-05T19:15:03","date_gmt":"2019-03-05T19:15:03","guid":{"rendered":"https:\/\/lifesystem.com.mx\/wp\/?page_id=411"},"modified":"2019-07-17T17:05:33","modified_gmt":"2019-07-17T17:05:33","slug":"contacto","status":"publish","type":"page","link":"https:\/\/lifesystem.com.mx\/wp\/?page_id=411","title":{"rendered":"Contacto"},"content":{"rendered":"<h1>LifeSystem<\/h1>\n<h3>No hay nada mejor que LifeSystem<\/h3>\n<h2>Contacto<\/h2>\n<p>Env\u00eda un correo, escribe un chat o ll\u00e1manos,<\/p>\n<p>te responderemos enseguida.<\/p>\n<ul>\n<li >\n\t\t\t\t\t\t\t\t\t\tcontacto@lifesystem.com.mx\n\t\t\t\t\t\t\t\t\t<\/li>\n<li >\n\t\t\t\t\t\t\t\t\t\t55 5408-1051\n\t\t\t\t\t\t\t\t\t<\/li>\n<li >\n\t\t\t\t\t\t\t\t\t\t55 4942 9446\n\t\t\t\t\t\t\t\t\t<\/li>\n<\/ul>\n<p>\t\t\t<iframe frameborder=\"0\" scrolling=\"no\" marginheight=\"0\" marginwidth=\"0\" src=\"https:\/\/maps.google.com\/maps?q=Metz%2027%20Urbi%20Quinta%20Montecarlo%2C%20Cuatitl%C3%A1n%20Izcalli&amp;t=m&amp;z=14&amp;output=embed&amp;iwloc=near\" aria-label=\"Metz 27 Urbi Quinta Montecarlo, Cuatitl\u00e1n Izcalli\"><\/iframe>\t\t<\/p>\n<h2>Edo. Mx<\/h2>\n<p>Metz 27 Urbi Quinta Montecarlo, Cuautitl\u00e1n Izcalli, M\u00e9xico 54719 <\/p>\n<h2>Social<\/h2>\n<p>Pr\u00f3ximamente<\/p>\n<h5>Facebook<\/h5>\n<h5>Twitter<\/h5>\n<h5>LinkedIn<\/h5>\n<p>\t\t\t<a href=\"#home\"><br \/>\n\t\t\t\t\t\t<\/a><\/p>\n<h3>Contacto<\/h3>\n<h5>contacto@lifesystem.com.mx<\/br>+52 (55) 5880 3589<\/h5>\n<h3>Helpdesk<\/h3>\n<h5>helpdesk@lifesystem.com.mx<\/h5>\n<h3>Soporte<\/h3>\n<h5>soporte@lifesystem.com.mx<\/h5>\n<p>\t\t\t<!-- Start of  Zendesk Widget script --><br \/>\n<!-- End of  Zendesk Widget script --><\/p>\n","protected":false},"excerpt":{"rendered":"<p>LifeSystem No hay nada mejor que LifeSystem Contacto Env\u00eda un correo, escribe un chat o ll\u00e1manos, te responderemos enseguida. contacto@lifesystem.com.mx 55 5408-1051 55 4942 9446 Edo. Mx Metz 27 Urbi Quinta Montecarlo, Cuautitl\u00e1n Izcalli, M\u00e9xico 54719 Social Pr\u00f3ximamente Facebook Twitter LinkedIn Contacto contacto@lifesystem.com.mx+52 (55) 5880 3589 Helpdesk helpdesk@lifesystem.com.mx Soporte soporte@lifesystem.com.mx<\/p>\n","protected":false},"author":1,"featured_media":0,"parent":0,"menu_order":0,"comment_status":"closed","ping_status":"closed","template":"","meta":{"footnotes":""},"_links":{"self":[{"href":"https:\/\/lifesystem.com.mx\/wp\/index.php?rest_route=\/wp\/v2\/pages\/411"}],"collection":[{"href":"https:\/\/lifesystem.com.mx\/wp\/index.php?rest_route=\/wp\/v2\/pages"}],"about":[{"href":"https:\/\/lifesystem.com.mx\/wp\/index.php?rest_route=\/wp\/v2\/types\/page"}],"author":[{"embeddable":true,"href":"https:\/\/lifesystem.com.mx\/wp\/index.php?rest_route=\/wp\/v2\/users\/1"}],"replies":[{"embeddable":true,"href":"https:\/\/lifesystem.com.mx\/wp\/index.php?rest_route=%2Fwp%2Fv2%2Fcomments&post=411"}],"version-history":[{"count":40,"href":"https:\/\/lifesystem.com.mx\/wp\/index.php?rest_route=\/wp\/v2\/pages\/411\/revisions"}],"predecessor-version":[{"id":820,"href":"https:\/\/lifesystem.com.mx\/wp\/index.php?rest_route=\/wp\/v2\/pages\/411\/revisions\/820"}],"wp:attachment":[{"href":"https:\/\/lifesystem.com.mx\/wp\/index.php?rest_route=%2Fwp%2Fv2%2Fmedia&parent=411"}],"curies":[{"name":"wp","href":"https:\/\/api.w.org\/{rel}","templated":true}]}}