{"id":74,"date":"2019-02-22T23:09:45","date_gmt":"2019-02-22T23:09:45","guid":{"rendered":"https:\/\/lifesystem.com.mx\/wp\/?page_id=74"},"modified":"2019-03-13T22:50:06","modified_gmt":"2019-03-13T22:50:06","slug":"soporte-help-desk","status":"publish","type":"page","link":"https:\/\/lifesystem.com.mx\/wp\/?page_id=74","title":{"rendered":"Soporte &#038; Help Desk"},"content":{"rendered":"<h2>Soporte &amp; Help Desk<\/h2>\n<h2>SOPORTE<\/h2>\n<p style=\"text-align: left;\">Un grupo de especialistas con dominio t\u00e9cnico y buen perfil de atenci\u00f3n compone el equipo de Soporte y Mesa de Ayuda de LifeSystem. Cada representante es entrenado en las herramientas sobre las que brinda el servicio y en todas las personalizaciones que la instalaci\u00f3n del cliente posee. Contamos con perfiles que nos permiten atender a usuarios finales y a administradores, de manera que el interlocutor encuentre siempre un profesional experimentado, con terminolog\u00eda clara, acorde a sus necesidades y brinde soluci\u00f3n a las inquietudes. Cumplimos con procesos de Atenci\u00f3n, Derivaci\u00f3n y Escalamiento que agilizan la Resoluci\u00f3n de los casos y aseguran altos niveles.<\/p>\n<p>\t\t\t\t\t\t\t\t\t\t<img loading=\"lazy\" decoding=\"async\" width=\"400\" height=\"248\" src=\"https:\/\/lifesystem.com.mx\/wp\/wp-content\/uploads\/2019\/02\/TI-400x248.jpg\" alt=\"\"><br \/>\n<img loading=\"lazy\" decoding=\"async\" width=\"640\" height=\"412\" src=\"https:\/\/lifesystem.com.mx\/wp\/wp-content\/uploads\/2019\/02\/HD.jpg\" alt=\"\" srcset=\"https:\/\/lifesystem.com.mx\/wp\/wp-content\/uploads\/2019\/02\/HD.jpg 700w, https:\/\/lifesystem.com.mx\/wp\/wp-content\/uploads\/2019\/02\/HD-300x193.jpg 300w\" sizes=\"(max-width: 640px) 100vw, 640px\"><\/p>\n<h2>Help Desk<\/h2>\n<p>Nuestra oferta de Servicios TI re\u00fane una amplia gama de servicios que comprende desde el dise\u00f1o estrat\u00e9gico hasta la gesti\u00f3n continua de las infraestructuras tecnol\u00f3gicas, tanto en sus propias instalaciones como en un modelo de externalizaci\u00f3n.<\/p>\n<h3>lifesystem<\/h3>\n","protected":false},"excerpt":{"rendered":"<p>Soporte &amp; Help Desk SOPORTE Un grupo de especialistas con dominio t\u00e9cnico y buen perfil de atenci\u00f3n compone el equipo de Soporte y Mesa de Ayuda de LifeSystem. Cada representante es entrenado en las herramientas sobre las que brinda el servicio y en todas las personalizaciones que la instalaci\u00f3n del cliente posee. Contamos con perfiles [&hellip;]<\/p>\n","protected":false},"author":1,"featured_media":0,"parent":0,"menu_order":0,"comment_status":"closed","ping_status":"closed","template":"","meta":{"footnotes":""},"_links":{"self":[{"href":"https:\/\/lifesystem.com.mx\/wp\/index.php?rest_route=\/wp\/v2\/pages\/74"}],"collection":[{"href":"https:\/\/lifesystem.com.mx\/wp\/index.php?rest_route=\/wp\/v2\/pages"}],"about":[{"href":"https:\/\/lifesystem.com.mx\/wp\/index.php?rest_route=\/wp\/v2\/types\/page"}],"author":[{"embeddable":true,"href":"https:\/\/lifesystem.com.mx\/wp\/index.php?rest_route=\/wp\/v2\/users\/1"}],"replies":[{"embeddable":true,"href":"https:\/\/lifesystem.com.mx\/wp\/index.php?rest_route=%2Fwp%2Fv2%2Fcomments&post=74"}],"version-history":[{"count":47,"href":"https:\/\/lifesystem.com.mx\/wp\/index.php?rest_route=\/wp\/v2\/pages\/74\/revisions"}],"predecessor-version":[{"id":665,"href":"https:\/\/lifesystem.com.mx\/wp\/index.php?rest_route=\/wp\/v2\/pages\/74\/revisions\/665"}],"wp:attachment":[{"href":"https:\/\/lifesystem.com.mx\/wp\/index.php?rest_route=%2Fwp%2Fv2%2Fmedia&parent=74"}],"curies":[{"name":"wp","href":"https:\/\/api.w.org\/{rel}","templated":true}]}}