{"id":83,"date":"2019-02-22T23:09:11","date_gmt":"2019-02-22T23:09:11","guid":{"rendered":"https:\/\/lifesystem.com.mx\/wp\/?page_id=83"},"modified":"2019-03-12T16:23:53","modified_gmt":"2019-03-12T16:23:53","slug":"servicios","status":"publish","type":"page","link":"https:\/\/lifesystem.com.mx\/wp\/?page_id=83","title":{"rendered":"Servicios"},"content":{"rendered":"<h2>Servicios<\/h2>\n<p style=\"text-align: left;\">Te ofrecemos diversos servicios especializados y venta de programas basado en nuestra experiencia para&nbsp;ayudarte a transformar&nbsp;tu negocio, lo cual, traer\u00e1 grandes beneficios tales como: reducir costos, mejora del servicio, satisfacci\u00f3n del cliente, aumentar&nbsp;la productividad del personal, controles financieros, manejo&nbsp;de est\u00e1ndares&nbsp;gubernamentales para mejor el uso de habilidades y experiencias, entre otros.<\/p>\n<h2>Nuestros Servicios<\/h2>\n<ul>\n<li>\n\t\t\t\t\t<a href=\"https:\/\/lifesystem.com.mx\/wp\/cursos\/\"><br \/>\nCursos<br \/>\n<\/a><\/li>\n<li>\n\t\t\t\t\t<a href=\"https:\/\/lifesystem.com.mx\/wp\/outsourcing-ti\/\"><br \/>\nOutsourcing Tl<br \/>\n<\/a><\/li>\n<li>\n\t\t\t\t\t<a href=\"https:\/\/lifesystem.com.mx\/wp\/aspel\/\"><br \/>\nServicio Aspel<br \/>\n<\/a><\/li>\n<li>\n\t\t\t\t\t<a href=\"https:\/\/lifesystem.com.mx\/wp\/soporte-help-desk\/\"><br \/>\nSoporte &amp; Help Desk<br \/>\n<\/a><\/li>\n<\/ul>\n<figure><img decoding=\"async\" src=\"https:\/\/lifesystem.com.mx\/wp\/wp-content\/uploads\/2019\/03\/Direccion_de_proyectos_500-1-150x150.jpg\" alt=\"Direccion_de_proyectos_500\"><\/figure>\n<figure><img decoding=\"async\" src=\"https:\/\/lifesystem.com.mx\/wp\/wp-content\/uploads\/2019\/03\/111-150x150.jpg\" alt=\"111\"><\/figure>\n<figure><img decoding=\"async\" src=\"https:\/\/lifesystem.com.mx\/wp\/wp-content\/uploads\/2019\/03\/tarifas-electricas-competitivas-1-1-150x150.jpg\" alt=\"tarifas-electricas-competitivas (1)\"><\/figure>\n<figure><img decoding=\"async\" src=\"https:\/\/lifesystem.com.mx\/wp\/wp-content\/uploads\/2019\/02\/111-150x150.jpg\" alt=\"111\"><\/figure>\n<figure><img decoding=\"async\" src=\"https:\/\/lifesystem.com.mx\/wp\/wp-content\/uploads\/2019\/02\/sistemas-aspel-150x150.jpg\" alt=\"sistemas-aspel\"><\/figure>\n<figure><img decoding=\"async\" src=\"https:\/\/lifesystem.com.mx\/wp\/wp-content\/uploads\/2019\/02\/HD-150x150.jpg\" alt=\"HD\"><\/figure>\n<figure><img decoding=\"async\" src=\"https:\/\/lifesystem.com.mx\/wp\/wp-content\/uploads\/2019\/02\/Soporte-150x150.jpg\" alt=\"Soporte\"><\/figure>\n<figure><img decoding=\"async\" src=\"https:\/\/lifesystem.com.mx\/wp\/wp-content\/uploads\/2019\/01\/01-150x150.png\" alt=\"01\"><\/figure>\n<p><!-- Start of  Zendesk Widget script --><br \/>\n<!-- End of  Zendesk Widget script --><\/p>\n","protected":false},"excerpt":{"rendered":"<p>Servicios Te ofrecemos diversos servicios especializados y venta de programas basado en nuestra experiencia para&nbsp;ayudarte a transformar&nbsp;tu negocio, lo cual, traer\u00e1 grandes beneficios tales como: reducir costos, mejora del servicio, satisfacci\u00f3n del cliente, aumentar&nbsp;la productividad del personal, controles financieros, manejo&nbsp;de est\u00e1ndares&nbsp;gubernamentales para mejor el uso de habilidades y experiencias, entre otros. Nuestros Servicios Cursos Outsourcing [&hellip;]<\/p>\n","protected":false},"author":1,"featured_media":0,"parent":0,"menu_order":0,"comment_status":"closed","ping_status":"closed","template":"","meta":{"footnotes":""},"_links":{"self":[{"href":"https:\/\/lifesystem.com.mx\/wp\/index.php?rest_route=\/wp\/v2\/pages\/83"}],"collection":[{"href":"https:\/\/lifesystem.com.mx\/wp\/index.php?rest_route=\/wp\/v2\/pages"}],"about":[{"href":"https:\/\/lifesystem.com.mx\/wp\/index.php?rest_route=\/wp\/v2\/types\/page"}],"author":[{"embeddable":true,"href":"https:\/\/lifesystem.com.mx\/wp\/index.php?rest_route=\/wp\/v2\/users\/1"}],"replies":[{"embeddable":true,"href":"https:\/\/lifesystem.com.mx\/wp\/index.php?rest_route=%2Fwp%2Fv2%2Fcomments&post=83"}],"version-history":[{"count":24,"href":"https:\/\/lifesystem.com.mx\/wp\/index.php?rest_route=\/wp\/v2\/pages\/83\/revisions"}],"predecessor-version":[{"id":626,"href":"https:\/\/lifesystem.com.mx\/wp\/index.php?rest_route=\/wp\/v2\/pages\/83\/revisions\/626"}],"wp:attachment":[{"href":"https:\/\/lifesystem.com.mx\/wp\/index.php?rest_route=%2Fwp%2Fv2%2Fmedia&parent=83"}],"curies":[{"name":"wp","href":"https:\/\/api.w.org\/{rel}","templated":true}]}}